{"id":50718,"date":"2023-02-03T09:10:11","date_gmt":"2023-02-03T08:10:11","guid":{"rendered":"https:\/\/the-slovenia.com\/?post_type=product&#038;p=50718"},"modified":"2023-04-16T19:18:05","modified_gmt":"2023-04-16T17:18:05","slug":"preseren-chocolate-balls-16-pcs","status":"publish","type":"product","link":"https:\/\/the-slovenia.com\/en\/product\/preseren-chocolate-balls-16-pcs\/","title":{"rendered":"Pre\u0161eren Chocolate balls (praline) 16 PCS"},"content":{"rendered":"<p>Chocolate praline with hazelnut and nougat (Ingredients: nougat 65%, sugar, vegetable fat (palm oil, shea oil), hazelnuts (10%), milk powder, emulsifiers: soy lecithins, vanilla), hazelnuts (20%), dairy chocolate (cocoa min. 38%, sugar, cocoa butter, milk powder, emulsifiers: soy lecithins, vanilla.) The product may contain traces of nuts. Does not contain genetically modified organisms and gluten. 16 pcs<\/p>\n<!-- CONTENT END 1 -->\n","protected":false},"excerpt":{"rendered":"<p>Delicious Pre\u0161eren Chocolate balls in a beautiful wooden packaging.<\/p>\n","protected":false},"featured_media":42200,"comment_status":"closed","ping_status":"closed","template":"","meta":{"_acf_changed":false},"product_brand":[],"product_cat":[1386,501,555,5146,4391],"product_tag":[556,5221,5220],"class_list":{"0":"post-50718","1":"product","2":"type-product","3":"status-publish","4":"has-post-thumbnail","6":"product_cat-new","7":"product_cat-slovenian-business-gifts","8":"product_cat-business-gifts","9":"product_cat-slovenianchocolategifts","10":"product_cat-mothers-day","11":"product_tag-chocolate","12":"product_tag-chocolate-from-slovenia","13":"product_tag-slovenian-chocolate","15":"first","16":"instock","17":"taxable","18":"shipping-taxable","19":"purchasable","20":"product-type-simple"},"acf":[],"yoast_head":"<!-- This site is optimized with the Yoast SEO plugin v24.3 - https:\/\/yoast.com\/wordpress\/plugins\/seo\/ -->\n<title>Pre\u0161eren Chocolate balls (praline) 16 PCS - THE Slovenia<\/title>\n<meta name=\"description\" content=\"Slastne pre\u0161ernove kroglice v li\u010dni leseni emabala\u017ei, ki so odli\u010dno darilo.\" \/>\n<meta name=\"robots\" content=\"index, follow, max-snippet:-1, max-image-preview:large, max-video-preview:-1\" \/>\n<link rel=\"canonical\" href=\"https:\/\/the-slovenia.com\/en\/product\/preseren-chocolate-balls-16-pcs\/\" \/>\n<meta property=\"og:locale\" content=\"en_US\" \/>\n<meta property=\"og:type\" content=\"article\" \/>\n<meta property=\"og:title\" content=\"Pre\u0161eren Chocolate balls (praline) 16 PCS - THE Slovenia\" \/>\n<meta property=\"og:description\" content=\"Slastne pre\u0161ernove kroglice v li\u010dni leseni emabala\u017ei, ki so odli\u010dno darilo.\" \/>\n<meta property=\"og:url\" content=\"https:\/\/the-slovenia.com\/en\/product\/preseren-chocolate-balls-16-pcs\/\" \/>\n<meta property=\"og:site_name\" content=\"THE Slovenia\" \/>\n<meta property=\"article:publisher\" content=\"https:\/\/www.facebook.com\/THESLOVENIA\/?ref=br_rs\" \/>\n<meta property=\"article:modified_time\" content=\"2023-04-16T17:18:05+00:00\" \/>\n<meta property=\"og:image\" content=\"https:\/\/the-slovenia.com\/wp-content\/uploads\/2021\/01\/Presernove_Kroglice_lesena_skatla.jpg\" \/>\n\t<meta property=\"og:image:width\" content=\"1920\" \/>\n\t<meta property=\"og:image:height\" content=\"1275\" \/>\n\t<meta property=\"og:image:type\" content=\"image\/jpeg\" \/>\n<meta name=\"twitter:card\" content=\"summary_large_image\" \/>\n<script type=\"application\/ld+json\" class=\"yoast-schema-graph\">{\"@context\":\"https:\/\/schema.org\",\"@graph\":[{\"@type\":\"WebPage\",\"@id\":\"https:\/\/the-slovenia.com\/en\/product\/preseren-chocolate-balls-16-pcs\/\",\"url\":\"https:\/\/the-slovenia.com\/en\/product\/preseren-chocolate-balls-16-pcs\/\",\"name\":\"Pre\u0161eren Chocolate balls (praline) 16 PCS - THE Slovenia\",\"isPartOf\":{\"@id\":\"https:\/\/the-slovenia.com\/#website\"},\"primaryImageOfPage\":{\"@id\":\"https:\/\/the-slovenia.com\/en\/product\/preseren-chocolate-balls-16-pcs\/#primaryimage\"},\"image\":{\"@id\":\"https:\/\/the-slovenia.com\/en\/product\/preseren-chocolate-balls-16-pcs\/#primaryimage\"},\"thumbnailUrl\":\"https:\/\/the-slovenia.com\/wp-content\/uploads\/2021\/01\/Presernove_Kroglice_lesena_skatla.jpg\",\"datePublished\":\"2023-02-03T08:10:11+00:00\",\"dateModified\":\"2023-04-16T17:18:05+00:00\",\"description\":\"Slastne pre\u0161ernove kroglice v li\u010dni leseni emabala\u017ei, ki so odli\u010dno darilo.\",\"breadcrumb\":{\"@id\":\"https:\/\/the-slovenia.com\/en\/product\/preseren-chocolate-balls-16-pcs\/#breadcrumb\"},\"inLanguage\":\"en-US\",\"potentialAction\":[{\"@type\":\"ReadAction\",\"target\":[\"https:\/\/the-slovenia.com\/en\/product\/preseren-chocolate-balls-16-pcs\/\"]}]},{\"@type\":\"ImageObject\",\"inLanguage\":\"en-US\",\"@id\":\"https:\/\/the-slovenia.com\/en\/product\/preseren-chocolate-balls-16-pcs\/#primaryimage\",\"url\":\"https:\/\/the-slovenia.com\/wp-content\/uploads\/2021\/01\/Presernove_Kroglice_lesena_skatla.jpg\",\"contentUrl\":\"https:\/\/the-slovenia.com\/wp-content\/uploads\/2021\/01\/Presernove_Kroglice_lesena_skatla.jpg\",\"width\":1920,\"height\":1275},{\"@type\":\"BreadcrumbList\",\"@id\":\"https:\/\/the-slovenia.com\/en\/product\/preseren-chocolate-balls-16-pcs\/#breadcrumb\",\"itemListElement\":[{\"@type\":\"ListItem\",\"position\":1,\"name\":\"Shop\",\"item\":\"https:\/\/the-slovenia.com\/en\/shop\/\"},{\"@type\":\"ListItem\",\"position\":2,\"name\":\"Pre\u0161eren Chocolate balls (praline) 16 PCS\"}]},{\"@type\":\"WebSite\",\"@id\":\"https:\/\/the-slovenia.com\/#website\",\"url\":\"https:\/\/the-slovenia.com\/\",\"name\":\"THE Slovenia\",\"description\":\"\",\"publisher\":{\"@id\":\"https:\/\/the-slovenia.com\/#organization\"},\"potentialAction\":[{\"@type\":\"SearchAction\",\"target\":{\"@type\":\"EntryPoint\",\"urlTemplate\":\"https:\/\/the-slovenia.com\/?s={search_term_string}\"},\"query-input\":{\"@type\":\"PropertyValueSpecification\",\"valueRequired\":true,\"valueName\":\"search_term_string\"}}],\"inLanguage\":\"en-US\"},{\"@type\":\"Organization\",\"@id\":\"https:\/\/the-slovenia.com\/#organization\",\"name\":\"THE Slovenia\",\"url\":\"https:\/\/the-slovenia.com\/\",\"logo\":{\"@type\":\"ImageObject\",\"inLanguage\":\"en-US\",\"@id\":\"https:\/\/the-slovenia.com\/#\/schema\/logo\/image\/\",\"url\":\"https:\/\/the-slovenia.com\/wp-content\/uploads\/2020\/02\/THE_logo_final_beli_napis.jpg\",\"contentUrl\":\"https:\/\/the-slovenia.com\/wp-content\/uploads\/2020\/02\/THE_logo_final_beli_napis.jpg\",\"width\":1535,\"height\":1574,\"caption\":\"THE Slovenia\"},\"image\":{\"@id\":\"https:\/\/the-slovenia.com\/#\/schema\/logo\/image\/\"},\"sameAs\":[\"https:\/\/www.facebook.com\/THESLOVENIA\/?ref=br_rs\",\"https:\/\/www.instagram.com\/the.slovenia\/\",\"https:\/\/www.linkedin.com\/company\/the-slovenia\/\"]}]}<\/script>\n<!-- \/ Yoast SEO plugin. -->","yoast_head_json":{"title":"Pre\u0161eren Chocolate balls (praline) 16 PCS - THE Slovenia","description":"Slastne pre\u0161ernove kroglice v li\u010dni leseni emabala\u017ei, ki so odli\u010dno darilo.","robots":{"index":"index","follow":"follow","max-snippet":"max-snippet:-1","max-image-preview":"max-image-preview:large","max-video-preview":"max-video-preview:-1"},"canonical":"https:\/\/the-slovenia.com\/en\/product\/preseren-chocolate-balls-16-pcs\/","og_locale":"en_US","og_type":"article","og_title":"Pre\u0161eren Chocolate balls (praline) 16 PCS - THE Slovenia","og_description":"Slastne pre\u0161ernove kroglice v li\u010dni leseni emabala\u017ei, ki so odli\u010dno darilo.","og_url":"https:\/\/the-slovenia.com\/en\/product\/preseren-chocolate-balls-16-pcs\/","og_site_name":"THE Slovenia","article_publisher":"https:\/\/www.facebook.com\/THESLOVENIA\/?ref=br_rs","article_modified_time":"2023-04-16T17:18:05+00:00","og_image":[{"width":1920,"height":1275,"url":"https:\/\/the-slovenia.com\/wp-content\/uploads\/2021\/01\/Presernove_Kroglice_lesena_skatla.jpg","type":"image\/jpeg"}],"twitter_card":"summary_large_image","schema":{"@context":"https:\/\/schema.org","@graph":[{"@type":"WebPage","@id":"https:\/\/the-slovenia.com\/en\/product\/preseren-chocolate-balls-16-pcs\/","url":"https:\/\/the-slovenia.com\/en\/product\/preseren-chocolate-balls-16-pcs\/","name":"Pre\u0161eren Chocolate balls (praline) 16 PCS - THE Slovenia","isPartOf":{"@id":"https:\/\/the-slovenia.com\/#website"},"primaryImageOfPage":{"@id":"https:\/\/the-slovenia.com\/en\/product\/preseren-chocolate-balls-16-pcs\/#primaryimage"},"image":{"@id":"https:\/\/the-slovenia.com\/en\/product\/preseren-chocolate-balls-16-pcs\/#primaryimage"},"thumbnailUrl":"https:\/\/the-slovenia.com\/wp-content\/uploads\/2021\/01\/Presernove_Kroglice_lesena_skatla.jpg","datePublished":"2023-02-03T08:10:11+00:00","dateModified":"2023-04-16T17:18:05+00:00","description":"Slastne pre\u0161ernove kroglice v li\u010dni leseni emabala\u017ei, ki so odli\u010dno darilo.","breadcrumb":{"@id":"https:\/\/the-slovenia.com\/en\/product\/preseren-chocolate-balls-16-pcs\/#breadcrumb"},"inLanguage":"en-US","potentialAction":[{"@type":"ReadAction","target":["https:\/\/the-slovenia.com\/en\/product\/preseren-chocolate-balls-16-pcs\/"]}]},{"@type":"ImageObject","inLanguage":"en-US","@id":"https:\/\/the-slovenia.com\/en\/product\/preseren-chocolate-balls-16-pcs\/#primaryimage","url":"https:\/\/the-slovenia.com\/wp-content\/uploads\/2021\/01\/Presernove_Kroglice_lesena_skatla.jpg","contentUrl":"https:\/\/the-slovenia.com\/wp-content\/uploads\/2021\/01\/Presernove_Kroglice_lesena_skatla.jpg","width":1920,"height":1275},{"@type":"BreadcrumbList","@id":"https:\/\/the-slovenia.com\/en\/product\/preseren-chocolate-balls-16-pcs\/#breadcrumb","itemListElement":[{"@type":"ListItem","position":1,"name":"Shop","item":"https:\/\/the-slovenia.com\/en\/shop\/"},{"@type":"ListItem","position":2,"name":"Pre\u0161eren Chocolate balls (praline) 16 PCS"}]},{"@type":"WebSite","@id":"https:\/\/the-slovenia.com\/#website","url":"https:\/\/the-slovenia.com\/","name":"THE Slovenia","description":"","publisher":{"@id":"https:\/\/the-slovenia.com\/#organization"},"potentialAction":[{"@type":"SearchAction","target":{"@type":"EntryPoint","urlTemplate":"https:\/\/the-slovenia.com\/?s={search_term_string}"},"query-input":{"@type":"PropertyValueSpecification","valueRequired":true,"valueName":"search_term_string"}}],"inLanguage":"en-US"},{"@type":"Organization","@id":"https:\/\/the-slovenia.com\/#organization","name":"THE Slovenia","url":"https:\/\/the-slovenia.com\/","logo":{"@type":"ImageObject","inLanguage":"en-US","@id":"https:\/\/the-slovenia.com\/#\/schema\/logo\/image\/","url":"https:\/\/the-slovenia.com\/wp-content\/uploads\/2020\/02\/THE_logo_final_beli_napis.jpg","contentUrl":"https:\/\/the-slovenia.com\/wp-content\/uploads\/2020\/02\/THE_logo_final_beli_napis.jpg","width":1535,"height":1574,"caption":"THE Slovenia"},"image":{"@id":"https:\/\/the-slovenia.com\/#\/schema\/logo\/image\/"},"sameAs":["https:\/\/www.facebook.com\/THESLOVENIA\/?ref=br_rs","https:\/\/www.instagram.com\/the.slovenia\/","https:\/\/www.linkedin.com\/company\/the-slovenia\/"]}]}},"_links":{"self":[{"href":"https:\/\/the-slovenia.com\/en\/wp-json\/wp\/v2\/product\/50718","targetHints":{"allow":["GET"]}}],"collection":[{"href":"https:\/\/the-slovenia.com\/en\/wp-json\/wp\/v2\/product"}],"about":[{"href":"https:\/\/the-slovenia.com\/en\/wp-json\/wp\/v2\/types\/product"}],"replies":[{"embeddable":true,"href":"https:\/\/the-slovenia.com\/en\/wp-json\/wp\/v2\/comments?post=50718"}],"wp:featuredmedia":[{"embeddable":true,"href":"https:\/\/the-slovenia.com\/en\/wp-json\/wp\/v2\/media\/42200"}],"wp:attachment":[{"href":"https:\/\/the-slovenia.com\/en\/wp-json\/wp\/v2\/media?parent=50718"}],"wp:term":[{"taxonomy":"product_brand","embeddable":true,"href":"https:\/\/the-slovenia.com\/en\/wp-json\/wp\/v2\/product_brand?post=50718"},{"taxonomy":"product_cat","embeddable":true,"href":"https:\/\/the-slovenia.com\/en\/wp-json\/wp\/v2\/product_cat?post=50718"},{"taxonomy":"product_tag","embeddable":true,"href":"https:\/\/the-slovenia.com\/en\/wp-json\/wp\/v2\/product_tag?post=50718"}],"curies":[{"name":"wp","href":"https:\/\/api.w.org\/{rel}","templated":true}]}}