{"id":21140,"date":"2019-11-20T15:45:34","date_gmt":"2019-11-20T14:45:34","guid":{"rendered":"https:\/\/the-slovenia.com\/?post_type=product&#038;p=21140"},"modified":"2021-11-19T10:00:31","modified_gmt":"2021-11-19T09:00:31","slug":"the-slovenia-book","status":"publish","type":"product","link":"https:\/\/the-slovenia.com\/en\/product\/the-slovenia-book\/","title":{"rendered":"THE Slovenia book Top 100 Destinations, 2020"},"content":{"rendered":"<p>This new edition of\u00a0<a href=\"https:\/\/the-slovenia.com\/product\/the-slovenia-book\/\"><b>THE Slovenia Book<\/b><\/a> 2020 is packed with tips and advice from our experienced foreign journalists who reside in the country. We\u2019ve combined all of the hands-on research of our guides with the high-quality photos found in your typical coffee table book, to produce what we hope is a great companion on any trip to Slovenia or a perfect souvenir or gift to take home with you.<\/p>\n<p><a href=\"https:\/\/the-slovenia.com\/product\/the-slovenia-book\/\"><b>THE Slovenia Book Top 100 Destinations Limited Edition<\/b><\/a>\u00a0features 10 exclusive interviews and presentation of some of the most successful Slovenians, which are Ajda Cuderman, Ana Ro\u0161, Iza Sia Login, Iztok Altbauer, Janez Bogataj, Janez \u0160krabec, Maja Pak, Marjan Batagelj, Robert Klun and Sonja \u0160muc.<\/p>\n<p>A team of foreign journalists &#8211; Yuri Barron from the United States, John Bills from Wales, Justine Dunn from the United Kingdom and James Cosier from Australia, all of whom have lived in Slovenia for eight years &#8211; visited, photographed and selected 100 favorite places in Slovenia for eight years. The Slovenia Book &#8211; Top 100 Destinations in English, was first published in 2015 and reprinted for the fifth time in a completely new look with a redesigned design. We have printed over 15,000 copies so far, which is a very popular gift!<\/p>\n<p>&nbsp;<\/p>\n<p>Hard cover, 258 pages<\/p>\n<p>&nbsp;<\/p>\n<!-- CONTENT END 1 -->\n","protected":false},"excerpt":{"rendered":"<p>This new edition of THE Slovenia Book is packed with tips and advice from our experienced foreign journalists who reside in the country. It doesn\u2019t matter what type of trip you are going on, THE Slovenia Book is a great companion on any visit to Slovenia and is the perfect souvenir to take home with you.<\/p>\n<p>We updated the format of the best seller, changed the pictures, updated the interviews, and checked all the data.<\/p>\n","protected":false},"featured_media":26912,"comment_status":"closed","ping_status":"closed","template":"","meta":{"_acf_changed":false},"product_brand":[],"product_cat":[1388,510,511,555,583,547],"product_tag":[],"class_list":{"0":"post-21140","1":"product","2":"type-product","3":"status-publish","4":"has-post-thumbnail","6":"product_cat-bestseller","7":"product_cat-books","8":"product_cat-the-books","9":"product_cat-business-gifts","10":"product_cat-personalization","11":"product_cat-souvenirs-from-slovenia","13":"first","14":"outofstock","15":"taxable","16":"shipping-taxable","17":"purchasable","18":"product-type-simple"},"acf":[],"yoast_head":"<!-- This site is optimized with the Yoast SEO plugin v24.3 - https:\/\/yoast.com\/wordpress\/plugins\/seo\/ -->\n<title>THE Slovenia book Top 100 Destinations, 2020 - THE Slovenia<\/title>\n<meta name=\"description\" content=\"This new edition of THE Slovenia Book is packed with tips and advice from our experienced foreign journalists who reside in the country.\" \/>\n<meta name=\"robots\" content=\"index, follow, max-snippet:-1, max-image-preview:large, max-video-preview:-1\" \/>\n<link rel=\"canonical\" href=\"https:\/\/the-slovenia.com\/en\/product\/the-slovenia-book\/\" \/>\n<meta property=\"og:locale\" content=\"en_US\" \/>\n<meta property=\"og:type\" content=\"article\" \/>\n<meta property=\"og:title\" content=\"THE Slovenia book Top 100 Destinations, 2020 - THE Slovenia\" \/>\n<meta property=\"og:description\" content=\"This new edition of THE Slovenia Book is packed with tips and advice from our experienced foreign journalists who reside in the country.\" \/>\n<meta property=\"og:url\" content=\"https:\/\/the-slovenia.com\/en\/product\/the-slovenia-book\/\" \/>\n<meta property=\"og:site_name\" content=\"THE Slovenia\" \/>\n<meta property=\"article:publisher\" content=\"https:\/\/www.facebook.com\/THESLOVENIA\/?ref=br_rs\" \/>\n<meta property=\"article:modified_time\" content=\"2021-11-19T09:00:31+00:00\" \/>\n<meta property=\"og:image\" content=\"https:\/\/i1.wp.com\/the-slovenia.com\/wp-content\/uploads\/2019\/11\/The-Slovenia-books-1-of-1.jpg?fit=800%2C525&ssl=1\" \/>\n\t<meta property=\"og:image:width\" content=\"800\" \/>\n\t<meta property=\"og:image:height\" content=\"525\" \/>\n\t<meta property=\"og:image:type\" content=\"image\/jpeg\" \/>\n<meta name=\"twitter:card\" content=\"summary_large_image\" \/>\n<meta name=\"twitter:label1\" content=\"Est. reading time\" \/>\n\t<meta name=\"twitter:data1\" content=\"1 minute\" \/>\n<script type=\"application\/ld+json\" class=\"yoast-schema-graph\">{\"@context\":\"https:\/\/schema.org\",\"@graph\":[{\"@type\":\"WebPage\",\"@id\":\"https:\/\/the-slovenia.com\/en\/product\/the-slovenia-book\/\",\"url\":\"https:\/\/the-slovenia.com\/en\/product\/the-slovenia-book\/\",\"name\":\"THE Slovenia book Top 100 Destinations, 2020 - THE Slovenia\",\"isPartOf\":{\"@id\":\"https:\/\/the-slovenia.com\/#website\"},\"primaryImageOfPage\":{\"@id\":\"https:\/\/the-slovenia.com\/en\/product\/the-slovenia-book\/#primaryimage\"},\"image\":{\"@id\":\"https:\/\/the-slovenia.com\/en\/product\/the-slovenia-book\/#primaryimage\"},\"thumbnailUrl\":\"https:\/\/the-slovenia.com\/wp-content\/uploads\/2019\/11\/The-Slovenia-books-1-of-1.jpg\",\"datePublished\":\"2019-11-20T14:45:34+00:00\",\"dateModified\":\"2021-11-19T09:00:31+00:00\",\"description\":\"This new edition of THE Slovenia Book is packed with tips and advice from our experienced foreign journalists who reside in the country.\",\"breadcrumb\":{\"@id\":\"https:\/\/the-slovenia.com\/en\/product\/the-slovenia-book\/#breadcrumb\"},\"inLanguage\":\"en-US\",\"potentialAction\":[{\"@type\":\"ReadAction\",\"target\":[\"https:\/\/the-slovenia.com\/en\/product\/the-slovenia-book\/\"]}]},{\"@type\":\"ImageObject\",\"inLanguage\":\"en-US\",\"@id\":\"https:\/\/the-slovenia.com\/en\/product\/the-slovenia-book\/#primaryimage\",\"url\":\"https:\/\/the-slovenia.com\/wp-content\/uploads\/2019\/11\/The-Slovenia-books-1-of-1.jpg\",\"contentUrl\":\"https:\/\/the-slovenia.com\/wp-content\/uploads\/2019\/11\/The-Slovenia-books-1-of-1.jpg\",\"width\":800,\"height\":525,\"caption\":\"THE Slovenia Book\"},{\"@type\":\"BreadcrumbList\",\"@id\":\"https:\/\/the-slovenia.com\/en\/product\/the-slovenia-book\/#breadcrumb\",\"itemListElement\":[{\"@type\":\"ListItem\",\"position\":1,\"name\":\"Shop\",\"item\":\"https:\/\/the-slovenia.com\/en\/shop\/\"},{\"@type\":\"ListItem\",\"position\":2,\"name\":\"THE Slovenia book Top 100 Destinations, 2020\"}]},{\"@type\":\"WebSite\",\"@id\":\"https:\/\/the-slovenia.com\/#website\",\"url\":\"https:\/\/the-slovenia.com\/\",\"name\":\"THE Slovenia\",\"description\":\"\",\"publisher\":{\"@id\":\"https:\/\/the-slovenia.com\/#organization\"},\"potentialAction\":[{\"@type\":\"SearchAction\",\"target\":{\"@type\":\"EntryPoint\",\"urlTemplate\":\"https:\/\/the-slovenia.com\/?s={search_term_string}\"},\"query-input\":{\"@type\":\"PropertyValueSpecification\",\"valueRequired\":true,\"valueName\":\"search_term_string\"}}],\"inLanguage\":\"en-US\"},{\"@type\":\"Organization\",\"@id\":\"https:\/\/the-slovenia.com\/#organization\",\"name\":\"THE Slovenia\",\"url\":\"https:\/\/the-slovenia.com\/\",\"logo\":{\"@type\":\"ImageObject\",\"inLanguage\":\"en-US\",\"@id\":\"https:\/\/the-slovenia.com\/#\/schema\/logo\/image\/\",\"url\":\"https:\/\/the-slovenia.com\/wp-content\/uploads\/2020\/02\/THE_logo_final_beli_napis.jpg\",\"contentUrl\":\"https:\/\/the-slovenia.com\/wp-content\/uploads\/2020\/02\/THE_logo_final_beli_napis.jpg\",\"width\":1535,\"height\":1574,\"caption\":\"THE Slovenia\"},\"image\":{\"@id\":\"https:\/\/the-slovenia.com\/#\/schema\/logo\/image\/\"},\"sameAs\":[\"https:\/\/www.facebook.com\/THESLOVENIA\/?ref=br_rs\",\"https:\/\/www.instagram.com\/the.slovenia\/\",\"https:\/\/www.linkedin.com\/company\/the-slovenia\/\"]}]}<\/script>\n<!-- \/ Yoast SEO plugin. -->","yoast_head_json":{"title":"THE Slovenia book Top 100 Destinations, 2020 - THE Slovenia","description":"This new edition of THE Slovenia Book is packed with tips and advice from our experienced foreign journalists who reside in the country.","robots":{"index":"index","follow":"follow","max-snippet":"max-snippet:-1","max-image-preview":"max-image-preview:large","max-video-preview":"max-video-preview:-1"},"canonical":"https:\/\/the-slovenia.com\/en\/product\/the-slovenia-book\/","og_locale":"en_US","og_type":"article","og_title":"THE Slovenia book Top 100 Destinations, 2020 - THE Slovenia","og_description":"This new edition of THE Slovenia Book is packed with tips and advice from our experienced foreign journalists who reside in the country.","og_url":"https:\/\/the-slovenia.com\/en\/product\/the-slovenia-book\/","og_site_name":"THE Slovenia","article_publisher":"https:\/\/www.facebook.com\/THESLOVENIA\/?ref=br_rs","article_modified_time":"2021-11-19T09:00:31+00:00","og_image":[{"width":800,"height":525,"url":"https:\/\/i1.wp.com\/the-slovenia.com\/wp-content\/uploads\/2019\/11\/The-Slovenia-books-1-of-1.jpg?fit=800%2C525&ssl=1","type":"image\/jpeg"}],"twitter_card":"summary_large_image","twitter_misc":{"Est. reading time":"1 minute"},"schema":{"@context":"https:\/\/schema.org","@graph":[{"@type":"WebPage","@id":"https:\/\/the-slovenia.com\/en\/product\/the-slovenia-book\/","url":"https:\/\/the-slovenia.com\/en\/product\/the-slovenia-book\/","name":"THE Slovenia book Top 100 Destinations, 2020 - THE Slovenia","isPartOf":{"@id":"https:\/\/the-slovenia.com\/#website"},"primaryImageOfPage":{"@id":"https:\/\/the-slovenia.com\/en\/product\/the-slovenia-book\/#primaryimage"},"image":{"@id":"https:\/\/the-slovenia.com\/en\/product\/the-slovenia-book\/#primaryimage"},"thumbnailUrl":"https:\/\/the-slovenia.com\/wp-content\/uploads\/2019\/11\/The-Slovenia-books-1-of-1.jpg","datePublished":"2019-11-20T14:45:34+00:00","dateModified":"2021-11-19T09:00:31+00:00","description":"This new edition of THE Slovenia Book is packed with tips and advice from our experienced foreign journalists who reside in the country.","breadcrumb":{"@id":"https:\/\/the-slovenia.com\/en\/product\/the-slovenia-book\/#breadcrumb"},"inLanguage":"en-US","potentialAction":[{"@type":"ReadAction","target":["https:\/\/the-slovenia.com\/en\/product\/the-slovenia-book\/"]}]},{"@type":"ImageObject","inLanguage":"en-US","@id":"https:\/\/the-slovenia.com\/en\/product\/the-slovenia-book\/#primaryimage","url":"https:\/\/the-slovenia.com\/wp-content\/uploads\/2019\/11\/The-Slovenia-books-1-of-1.jpg","contentUrl":"https:\/\/the-slovenia.com\/wp-content\/uploads\/2019\/11\/The-Slovenia-books-1-of-1.jpg","width":800,"height":525,"caption":"THE Slovenia Book"},{"@type":"BreadcrumbList","@id":"https:\/\/the-slovenia.com\/en\/product\/the-slovenia-book\/#breadcrumb","itemListElement":[{"@type":"ListItem","position":1,"name":"Shop","item":"https:\/\/the-slovenia.com\/en\/shop\/"},{"@type":"ListItem","position":2,"name":"THE Slovenia book Top 100 Destinations, 2020"}]},{"@type":"WebSite","@id":"https:\/\/the-slovenia.com\/#website","url":"https:\/\/the-slovenia.com\/","name":"THE Slovenia","description":"","publisher":{"@id":"https:\/\/the-slovenia.com\/#organization"},"potentialAction":[{"@type":"SearchAction","target":{"@type":"EntryPoint","urlTemplate":"https:\/\/the-slovenia.com\/?s={search_term_string}"},"query-input":{"@type":"PropertyValueSpecification","valueRequired":true,"valueName":"search_term_string"}}],"inLanguage":"en-US"},{"@type":"Organization","@id":"https:\/\/the-slovenia.com\/#organization","name":"THE Slovenia","url":"https:\/\/the-slovenia.com\/","logo":{"@type":"ImageObject","inLanguage":"en-US","@id":"https:\/\/the-slovenia.com\/#\/schema\/logo\/image\/","url":"https:\/\/the-slovenia.com\/wp-content\/uploads\/2020\/02\/THE_logo_final_beli_napis.jpg","contentUrl":"https:\/\/the-slovenia.com\/wp-content\/uploads\/2020\/02\/THE_logo_final_beli_napis.jpg","width":1535,"height":1574,"caption":"THE Slovenia"},"image":{"@id":"https:\/\/the-slovenia.com\/#\/schema\/logo\/image\/"},"sameAs":["https:\/\/www.facebook.com\/THESLOVENIA\/?ref=br_rs","https:\/\/www.instagram.com\/the.slovenia\/","https:\/\/www.linkedin.com\/company\/the-slovenia\/"]}]}},"_links":{"self":[{"href":"https:\/\/the-slovenia.com\/en\/wp-json\/wp\/v2\/product\/21140","targetHints":{"allow":["GET"]}}],"collection":[{"href":"https:\/\/the-slovenia.com\/en\/wp-json\/wp\/v2\/product"}],"about":[{"href":"https:\/\/the-slovenia.com\/en\/wp-json\/wp\/v2\/types\/product"}],"replies":[{"embeddable":true,"href":"https:\/\/the-slovenia.com\/en\/wp-json\/wp\/v2\/comments?post=21140"}],"wp:featuredmedia":[{"embeddable":true,"href":"https:\/\/the-slovenia.com\/en\/wp-json\/wp\/v2\/media\/26912"}],"wp:attachment":[{"href":"https:\/\/the-slovenia.com\/en\/wp-json\/wp\/v2\/media?parent=21140"}],"wp:term":[{"taxonomy":"product_brand","embeddable":true,"href":"https:\/\/the-slovenia.com\/en\/wp-json\/wp\/v2\/product_brand?post=21140"},{"taxonomy":"product_cat","embeddable":true,"href":"https:\/\/the-slovenia.com\/en\/wp-json\/wp\/v2\/product_cat?post=21140"},{"taxonomy":"product_tag","embeddable":true,"href":"https:\/\/the-slovenia.com\/en\/wp-json\/wp\/v2\/product_tag?post=21140"}],"curies":[{"name":"wp","href":"https:\/\/api.w.org\/{rel}","templated":true}]}}