{"id":141906,"date":"2023-04-12T00:00:00","date_gmt":"2023-04-11T22:00:00","guid":{"rendered":"https:\/\/the-slovenia.com\/product\/diplomat-gift-bag-in-a4-format\/"},"modified":"2023-09-28T06:43:39","modified_gmt":"2023-09-28T04:43:39","slug":"diplomat-gift-bag-in-a4-format","status":"publish","type":"product","link":"https:\/\/the-slovenia.com\/en\/product\/diplomat-gift-bag-in-a4-format\/","title":{"rendered":"&#8220;Diplomat&#8221; gift bag in A4 format"},"content":{"rendered":"<p>The brand &#8220;Slovenski ornament Jo\u017ee Karlov\u0161ek&#8221; preserves Slovenian cultural heritage; the products are made in Slovenia, primarily by renowned and high-quality Slovenian manufacturers.<\/p>\n<p>In Slovenia, no one has systematically dealt with the Slovenian ornament as Jo\u017ee Karlov\u0161ek did. Jo\u017ee Karlov\u0161ek (1900\u20131963) was a tireless researcher and expert in ornamentation and Slovenian architectural heritage. He dedicated his life to the research and development of the Slovenian ornament.<\/p>\n<p>The ornament has its tradition and history. It has evolved and been refined with Slovenian life up to the present day. Ornaments around the world are expressions of local culture and represent an invaluable value of ethnic content. The roots of the Slovenian ornament reach back into the distant Proto-Slavic world. People paid attention to the decor of their homes, utilitarian products, and clothing. The world of motifs revolved around their everyday life; they primarily used shapes from nature: grapevines, carnations, tulips, roses, birds, hearts.<\/p>\n<!-- CONTENT END 1 -->\n","protected":false},"excerpt":{"rendered":"<p>The gift bag in blue is made from high-quality cardboard, hand-glued. It is entirely made in Slovenia and features a Slovenian ornament.<\/p>\n","protected":false},"featured_media":141708,"comment_status":"closed","ping_status":"open","template":"","meta":{"_acf_changed":false},"product_brand":[],"product_cat":[5518,5523,5522],"product_tag":[5511,5519,5510],"class_list":{"0":"post-141906","1":"product","2":"type-product","3":"status-publish","4":"has-post-thumbnail","6":"product_cat-home","7":"product_cat-office-accessories-from-slovenia","8":"product_cat-home-accessories-from-slovenia","9":"product_tag-karlovsek","10":"product_tag-slovenian-ornament","11":"product_tag-slovenski-ornament","13":"first","14":"instock","15":"taxable","16":"shipping-taxable","17":"purchasable","18":"product-type-simple"},"acf":[],"yoast_head":"<!-- This site is optimized with the Yoast SEO plugin v24.3 - https:\/\/yoast.com\/wordpress\/plugins\/seo\/ -->\n<title>&quot;Diplomat&quot; gift bag in A4 format - THE Slovenia<\/title>\n<meta name=\"robots\" content=\"index, follow, max-snippet:-1, max-image-preview:large, max-video-preview:-1\" \/>\n<link rel=\"canonical\" href=\"https:\/\/the-slovenia.com\/en\/product\/diplomat-gift-bag-in-a4-format\/\" \/>\n<meta property=\"og:locale\" content=\"en_US\" \/>\n<meta property=\"og:type\" content=\"article\" \/>\n<meta property=\"og:title\" content=\"&quot;Diplomat&quot; gift bag in A4 format - THE Slovenia\" \/>\n<meta property=\"og:description\" content=\"The gift bag in blue is made from high-quality cardboard, hand-glued. It is entirely made in Slovenia and features a Slovenian ornament.\" \/>\n<meta property=\"og:url\" content=\"https:\/\/the-slovenia.com\/en\/product\/diplomat-gift-bag-in-a4-format\/\" \/>\n<meta property=\"og:site_name\" content=\"THE Slovenia\" \/>\n<meta property=\"article:publisher\" content=\"https:\/\/www.facebook.com\/THESLOVENIA\/?ref=br_rs\" \/>\n<meta property=\"article:modified_time\" content=\"2023-09-28T04:43:39+00:00\" \/>\n<meta property=\"og:image\" content=\"https:\/\/the-slovenia.com\/wp-content\/uploads\/2023\/09\/image7.jpeg\" \/>\n\t<meta property=\"og:image:width\" content=\"640\" \/>\n\t<meta property=\"og:image:height\" content=\"480\" \/>\n\t<meta property=\"og:image:type\" content=\"image\/jpeg\" \/>\n<meta name=\"twitter:card\" content=\"summary_large_image\" \/>\n<meta name=\"twitter:label1\" content=\"Est. reading time\" \/>\n\t<meta name=\"twitter:data1\" content=\"1 minute\" \/>\n<script type=\"application\/ld+json\" class=\"yoast-schema-graph\">{\"@context\":\"https:\/\/schema.org\",\"@graph\":[{\"@type\":\"WebPage\",\"@id\":\"https:\/\/the-slovenia.com\/en\/product\/diplomat-gift-bag-in-a4-format\/\",\"url\":\"https:\/\/the-slovenia.com\/en\/product\/diplomat-gift-bag-in-a4-format\/\",\"name\":\"\\\"Diplomat\\\" gift bag in A4 format - THE Slovenia\",\"isPartOf\":{\"@id\":\"https:\/\/the-slovenia.com\/#website\"},\"primaryImageOfPage\":{\"@id\":\"https:\/\/the-slovenia.com\/en\/product\/diplomat-gift-bag-in-a4-format\/#primaryimage\"},\"image\":{\"@id\":\"https:\/\/the-slovenia.com\/en\/product\/diplomat-gift-bag-in-a4-format\/#primaryimage\"},\"thumbnailUrl\":\"https:\/\/the-slovenia.com\/wp-content\/uploads\/2023\/09\/image7.jpeg\",\"datePublished\":\"2023-04-11T22:00:00+00:00\",\"dateModified\":\"2023-09-28T04:43:39+00:00\",\"breadcrumb\":{\"@id\":\"https:\/\/the-slovenia.com\/en\/product\/diplomat-gift-bag-in-a4-format\/#breadcrumb\"},\"inLanguage\":\"en-US\",\"potentialAction\":[{\"@type\":\"ReadAction\",\"target\":[\"https:\/\/the-slovenia.com\/en\/product\/diplomat-gift-bag-in-a4-format\/\"]}]},{\"@type\":\"ImageObject\",\"inLanguage\":\"en-US\",\"@id\":\"https:\/\/the-slovenia.com\/en\/product\/diplomat-gift-bag-in-a4-format\/#primaryimage\",\"url\":\"https:\/\/the-slovenia.com\/wp-content\/uploads\/2023\/09\/image7.jpeg\",\"contentUrl\":\"https:\/\/the-slovenia.com\/wp-content\/uploads\/2023\/09\/image7.jpeg\",\"width\":640,\"height\":480,\"caption\":\"\\\"Diplomat\\\" gift bag in A4 format\"},{\"@type\":\"BreadcrumbList\",\"@id\":\"https:\/\/the-slovenia.com\/en\/product\/diplomat-gift-bag-in-a4-format\/#breadcrumb\",\"itemListElement\":[{\"@type\":\"ListItem\",\"position\":1,\"name\":\"Shop\",\"item\":\"https:\/\/the-slovenia.com\/en\/shop\/\"},{\"@type\":\"ListItem\",\"position\":2,\"name\":\"&#8220;Diplomat&#8221; gift bag in A4 format\"}]},{\"@type\":\"WebSite\",\"@id\":\"https:\/\/the-slovenia.com\/#website\",\"url\":\"https:\/\/the-slovenia.com\/\",\"name\":\"THE Slovenia\",\"description\":\"\",\"publisher\":{\"@id\":\"https:\/\/the-slovenia.com\/#organization\"},\"potentialAction\":[{\"@type\":\"SearchAction\",\"target\":{\"@type\":\"EntryPoint\",\"urlTemplate\":\"https:\/\/the-slovenia.com\/?s={search_term_string}\"},\"query-input\":{\"@type\":\"PropertyValueSpecification\",\"valueRequired\":true,\"valueName\":\"search_term_string\"}}],\"inLanguage\":\"en-US\"},{\"@type\":\"Organization\",\"@id\":\"https:\/\/the-slovenia.com\/#organization\",\"name\":\"THE Slovenia\",\"url\":\"https:\/\/the-slovenia.com\/\",\"logo\":{\"@type\":\"ImageObject\",\"inLanguage\":\"en-US\",\"@id\":\"https:\/\/the-slovenia.com\/#\/schema\/logo\/image\/\",\"url\":\"https:\/\/the-slovenia.com\/wp-content\/uploads\/2020\/02\/THE_logo_final_beli_napis.jpg\",\"contentUrl\":\"https:\/\/the-slovenia.com\/wp-content\/uploads\/2020\/02\/THE_logo_final_beli_napis.jpg\",\"width\":1535,\"height\":1574,\"caption\":\"THE Slovenia\"},\"image\":{\"@id\":\"https:\/\/the-slovenia.com\/#\/schema\/logo\/image\/\"},\"sameAs\":[\"https:\/\/www.facebook.com\/THESLOVENIA\/?ref=br_rs\",\"https:\/\/www.instagram.com\/the.slovenia\/\",\"https:\/\/www.linkedin.com\/company\/the-slovenia\/\"]}]}<\/script>\n<!-- \/ Yoast SEO plugin. -->","yoast_head_json":{"title":"\"Diplomat\" gift bag in A4 format - THE Slovenia","robots":{"index":"index","follow":"follow","max-snippet":"max-snippet:-1","max-image-preview":"max-image-preview:large","max-video-preview":"max-video-preview:-1"},"canonical":"https:\/\/the-slovenia.com\/en\/product\/diplomat-gift-bag-in-a4-format\/","og_locale":"en_US","og_type":"article","og_title":"\"Diplomat\" gift bag in A4 format - THE Slovenia","og_description":"The gift bag in blue is made from high-quality cardboard, hand-glued. It is entirely made in Slovenia and features a Slovenian ornament.","og_url":"https:\/\/the-slovenia.com\/en\/product\/diplomat-gift-bag-in-a4-format\/","og_site_name":"THE Slovenia","article_publisher":"https:\/\/www.facebook.com\/THESLOVENIA\/?ref=br_rs","article_modified_time":"2023-09-28T04:43:39+00:00","og_image":[{"width":640,"height":480,"url":"https:\/\/the-slovenia.com\/wp-content\/uploads\/2023\/09\/image7.jpeg","type":"image\/jpeg"}],"twitter_card":"summary_large_image","twitter_misc":{"Est. reading time":"1 minute"},"schema":{"@context":"https:\/\/schema.org","@graph":[{"@type":"WebPage","@id":"https:\/\/the-slovenia.com\/en\/product\/diplomat-gift-bag-in-a4-format\/","url":"https:\/\/the-slovenia.com\/en\/product\/diplomat-gift-bag-in-a4-format\/","name":"\"Diplomat\" gift bag in A4 format - THE Slovenia","isPartOf":{"@id":"https:\/\/the-slovenia.com\/#website"},"primaryImageOfPage":{"@id":"https:\/\/the-slovenia.com\/en\/product\/diplomat-gift-bag-in-a4-format\/#primaryimage"},"image":{"@id":"https:\/\/the-slovenia.com\/en\/product\/diplomat-gift-bag-in-a4-format\/#primaryimage"},"thumbnailUrl":"https:\/\/the-slovenia.com\/wp-content\/uploads\/2023\/09\/image7.jpeg","datePublished":"2023-04-11T22:00:00+00:00","dateModified":"2023-09-28T04:43:39+00:00","breadcrumb":{"@id":"https:\/\/the-slovenia.com\/en\/product\/diplomat-gift-bag-in-a4-format\/#breadcrumb"},"inLanguage":"en-US","potentialAction":[{"@type":"ReadAction","target":["https:\/\/the-slovenia.com\/en\/product\/diplomat-gift-bag-in-a4-format\/"]}]},{"@type":"ImageObject","inLanguage":"en-US","@id":"https:\/\/the-slovenia.com\/en\/product\/diplomat-gift-bag-in-a4-format\/#primaryimage","url":"https:\/\/the-slovenia.com\/wp-content\/uploads\/2023\/09\/image7.jpeg","contentUrl":"https:\/\/the-slovenia.com\/wp-content\/uploads\/2023\/09\/image7.jpeg","width":640,"height":480,"caption":"\"Diplomat\" gift bag in A4 format"},{"@type":"BreadcrumbList","@id":"https:\/\/the-slovenia.com\/en\/product\/diplomat-gift-bag-in-a4-format\/#breadcrumb","itemListElement":[{"@type":"ListItem","position":1,"name":"Shop","item":"https:\/\/the-slovenia.com\/en\/shop\/"},{"@type":"ListItem","position":2,"name":"&#8220;Diplomat&#8221; gift bag in A4 format"}]},{"@type":"WebSite","@id":"https:\/\/the-slovenia.com\/#website","url":"https:\/\/the-slovenia.com\/","name":"THE Slovenia","description":"","publisher":{"@id":"https:\/\/the-slovenia.com\/#organization"},"potentialAction":[{"@type":"SearchAction","target":{"@type":"EntryPoint","urlTemplate":"https:\/\/the-slovenia.com\/?s={search_term_string}"},"query-input":{"@type":"PropertyValueSpecification","valueRequired":true,"valueName":"search_term_string"}}],"inLanguage":"en-US"},{"@type":"Organization","@id":"https:\/\/the-slovenia.com\/#organization","name":"THE Slovenia","url":"https:\/\/the-slovenia.com\/","logo":{"@type":"ImageObject","inLanguage":"en-US","@id":"https:\/\/the-slovenia.com\/#\/schema\/logo\/image\/","url":"https:\/\/the-slovenia.com\/wp-content\/uploads\/2020\/02\/THE_logo_final_beli_napis.jpg","contentUrl":"https:\/\/the-slovenia.com\/wp-content\/uploads\/2020\/02\/THE_logo_final_beli_napis.jpg","width":1535,"height":1574,"caption":"THE Slovenia"},"image":{"@id":"https:\/\/the-slovenia.com\/#\/schema\/logo\/image\/"},"sameAs":["https:\/\/www.facebook.com\/THESLOVENIA\/?ref=br_rs","https:\/\/www.instagram.com\/the.slovenia\/","https:\/\/www.linkedin.com\/company\/the-slovenia\/"]}]}},"_links":{"self":[{"href":"https:\/\/the-slovenia.com\/en\/wp-json\/wp\/v2\/product\/141906","targetHints":{"allow":["GET"]}}],"collection":[{"href":"https:\/\/the-slovenia.com\/en\/wp-json\/wp\/v2\/product"}],"about":[{"href":"https:\/\/the-slovenia.com\/en\/wp-json\/wp\/v2\/types\/product"}],"replies":[{"embeddable":true,"href":"https:\/\/the-slovenia.com\/en\/wp-json\/wp\/v2\/comments?post=141906"}],"wp:featuredmedia":[{"embeddable":true,"href":"https:\/\/the-slovenia.com\/en\/wp-json\/wp\/v2\/media\/141708"}],"wp:attachment":[{"href":"https:\/\/the-slovenia.com\/en\/wp-json\/wp\/v2\/media?parent=141906"}],"wp:term":[{"taxonomy":"product_brand","embeddable":true,"href":"https:\/\/the-slovenia.com\/en\/wp-json\/wp\/v2\/product_brand?post=141906"},{"taxonomy":"product_cat","embeddable":true,"href":"https:\/\/the-slovenia.com\/en\/wp-json\/wp\/v2\/product_cat?post=141906"},{"taxonomy":"product_tag","embeddable":true,"href":"https:\/\/the-slovenia.com\/en\/wp-json\/wp\/v2\/product_tag?post=141906"}],"curies":[{"name":"wp","href":"https:\/\/api.w.org\/{rel}","templated":true}]}}