{"id":137167,"date":"2023-04-11T00:00:00","date_gmt":"2023-04-10T22:00:00","guid":{"rendered":"https:\/\/the-slovenia.com\/product\/solni-cvet-v-tulcu-125-g\/"},"modified":"2025-02-19T09:11:55","modified_gmt":"2025-02-19T08:11:55","slug":"solni-cvet-v-tulcu-125-g","status":"publish","type":"product","link":"https:\/\/the-slovenia.com\/en\/product\/solni-cvet-v-tulcu-125-g\/","title":{"rendered":"Solni cvet v tulcu 250 g"},"content":{"rendered":"<p>Solni cvet nastaja na povr\u0161ini slanice iz kristalov soli, ki tvorijo zna\u010dilno navzdol obrnjeno piramidno strukturo v obliki tanke, krhke skorje. Je bele do rahlo ro\u017enate barve. Okus ni ostro slan, ampak bolj bogat, zaokro\u017een in zelo prijeten. Solni cvet harmoni\u010dno dopolni okus jedi, kar najbolj pride do izraza pri tistih jedeh, ki se jih dosoljuje na kro\u017eniku, od solat do morskih in mesnih specialitet. Le tako namre\u010d jed pridobi okus in rahlo aromo teh krhkih kristalov.<\/p>\n<p>Izdelek je pakiran v PP tulec, z deklaracijo v slovenskem jeziku.<\/p>\n<!-- CONTENT END 1 -->\n","protected":false},"excerpt":{"rendered":"<p>Izrazitega okusa in vonja.<\/p>\n","protected":false},"featured_media":136710,"comment_status":"closed","ping_status":"closed","template":"","meta":{"_acf_changed":false},"product_brand":[],"product_cat":[5642,7221,7222,7223,1386,4391],"product_tag":[5489],"class_list":{"0":"post-137167","1":"product","2":"type-product","3":"status-publish","4":"has-post-thumbnail","6":"product_cat-slovenska-poslovna-darila-en","7":"product_cat-novoletna-darila-en","8":"product_cat-promocijska-darila-en","9":"product_cat-protokolarna-darila-en","10":"product_cat-new","11":"product_cat-mothers-day","12":"product_tag-piranske-soline-en","14":"first","15":"instock","16":"taxable","17":"shipping-taxable","18":"purchasable","19":"product-type-simple"},"acf":[],"yoast_head":"<!-- This site is optimized with the Yoast SEO plugin v24.3 - https:\/\/yoast.com\/wordpress\/plugins\/seo\/ -->\n<title>Solni cvet v tulcu 250 g - THE Slovenia<\/title>\n<meta name=\"robots\" content=\"index, follow, max-snippet:-1, max-image-preview:large, max-video-preview:-1\" \/>\n<link rel=\"canonical\" href=\"https:\/\/the-slovenia.com\/en\/product\/solni-cvet-v-tulcu-125-g\/\" \/>\n<meta property=\"og:locale\" content=\"en_US\" \/>\n<meta property=\"og:type\" content=\"article\" \/>\n<meta property=\"og:title\" content=\"Solni cvet v tulcu 250 g - THE Slovenia\" \/>\n<meta property=\"og:description\" content=\"Izrazitega okusa in vonja.\" \/>\n<meta property=\"og:url\" content=\"https:\/\/the-slovenia.com\/en\/product\/solni-cvet-v-tulcu-125-g\/\" \/>\n<meta property=\"og:site_name\" content=\"THE Slovenia\" \/>\n<meta property=\"article:publisher\" content=\"https:\/\/www.facebook.com\/THESLOVENIA\/?ref=br_rs\" \/>\n<meta property=\"article:modified_time\" content=\"2025-02-19T08:11:55+00:00\" \/>\n<meta property=\"og:image\" content=\"https:\/\/the-slovenia.com\/wp-content\/uploads\/2023\/08\/solni-cvet-v-tulcu-250-g.webp\" \/>\n\t<meta property=\"og:image:width\" content=\"270\" \/>\n\t<meta property=\"og:image:height\" content=\"368\" \/>\n\t<meta property=\"og:image:type\" content=\"image\/jpeg\" \/>\n<meta name=\"twitter:card\" content=\"summary_large_image\" \/>\n<script type=\"application\/ld+json\" class=\"yoast-schema-graph\">{\"@context\":\"https:\/\/schema.org\",\"@graph\":[{\"@type\":\"WebPage\",\"@id\":\"https:\/\/the-slovenia.com\/en\/product\/solni-cvet-v-tulcu-125-g\/\",\"url\":\"https:\/\/the-slovenia.com\/en\/product\/solni-cvet-v-tulcu-125-g\/\",\"name\":\"Solni cvet v tulcu 250 g - THE Slovenia\",\"isPartOf\":{\"@id\":\"https:\/\/the-slovenia.com\/#website\"},\"primaryImageOfPage\":{\"@id\":\"https:\/\/the-slovenia.com\/en\/product\/solni-cvet-v-tulcu-125-g\/#primaryimage\"},\"image\":{\"@id\":\"https:\/\/the-slovenia.com\/en\/product\/solni-cvet-v-tulcu-125-g\/#primaryimage\"},\"thumbnailUrl\":\"https:\/\/the-slovenia.com\/wp-content\/uploads\/2023\/08\/solni-cvet-v-tulcu-250-g.webp\",\"datePublished\":\"2023-04-10T22:00:00+00:00\",\"dateModified\":\"2025-02-19T08:11:55+00:00\",\"breadcrumb\":{\"@id\":\"https:\/\/the-slovenia.com\/en\/product\/solni-cvet-v-tulcu-125-g\/#breadcrumb\"},\"inLanguage\":\"en-US\",\"potentialAction\":[{\"@type\":\"ReadAction\",\"target\":[\"https:\/\/the-slovenia.com\/en\/product\/solni-cvet-v-tulcu-125-g\/\"]}]},{\"@type\":\"ImageObject\",\"inLanguage\":\"en-US\",\"@id\":\"https:\/\/the-slovenia.com\/en\/product\/solni-cvet-v-tulcu-125-g\/#primaryimage\",\"url\":\"https:\/\/the-slovenia.com\/wp-content\/uploads\/2023\/08\/solni-cvet-v-tulcu-250-g.webp\",\"contentUrl\":\"https:\/\/the-slovenia.com\/wp-content\/uploads\/2023\/08\/solni-cvet-v-tulcu-250-g.webp\",\"width\":270,\"height\":368,\"caption\":\"Solni cvet - Salt Flower 125 g\"},{\"@type\":\"BreadcrumbList\",\"@id\":\"https:\/\/the-slovenia.com\/en\/product\/solni-cvet-v-tulcu-125-g\/#breadcrumb\",\"itemListElement\":[{\"@type\":\"ListItem\",\"position\":1,\"name\":\"Shop\",\"item\":\"https:\/\/the-slovenia.com\/en\/shop\/\"},{\"@type\":\"ListItem\",\"position\":2,\"name\":\"Solni cvet v tulcu 250 g\"}]},{\"@type\":\"WebSite\",\"@id\":\"https:\/\/the-slovenia.com\/#website\",\"url\":\"https:\/\/the-slovenia.com\/\",\"name\":\"THE Slovenia\",\"description\":\"\",\"publisher\":{\"@id\":\"https:\/\/the-slovenia.com\/#organization\"},\"potentialAction\":[{\"@type\":\"SearchAction\",\"target\":{\"@type\":\"EntryPoint\",\"urlTemplate\":\"https:\/\/the-slovenia.com\/?s={search_term_string}\"},\"query-input\":{\"@type\":\"PropertyValueSpecification\",\"valueRequired\":true,\"valueName\":\"search_term_string\"}}],\"inLanguage\":\"en-US\"},{\"@type\":\"Organization\",\"@id\":\"https:\/\/the-slovenia.com\/#organization\",\"name\":\"THE Slovenia\",\"url\":\"https:\/\/the-slovenia.com\/\",\"logo\":{\"@type\":\"ImageObject\",\"inLanguage\":\"en-US\",\"@id\":\"https:\/\/the-slovenia.com\/#\/schema\/logo\/image\/\",\"url\":\"https:\/\/the-slovenia.com\/wp-content\/uploads\/2020\/02\/THE_logo_final_beli_napis.jpg\",\"contentUrl\":\"https:\/\/the-slovenia.com\/wp-content\/uploads\/2020\/02\/THE_logo_final_beli_napis.jpg\",\"width\":1535,\"height\":1574,\"caption\":\"THE Slovenia\"},\"image\":{\"@id\":\"https:\/\/the-slovenia.com\/#\/schema\/logo\/image\/\"},\"sameAs\":[\"https:\/\/www.facebook.com\/THESLOVENIA\/?ref=br_rs\",\"https:\/\/www.instagram.com\/the.slovenia\/\",\"https:\/\/www.linkedin.com\/company\/the-slovenia\/\"]}]}<\/script>\n<!-- \/ Yoast SEO plugin. -->","yoast_head_json":{"title":"Solni cvet v tulcu 250 g - THE Slovenia","robots":{"index":"index","follow":"follow","max-snippet":"max-snippet:-1","max-image-preview":"max-image-preview:large","max-video-preview":"max-video-preview:-1"},"canonical":"https:\/\/the-slovenia.com\/en\/product\/solni-cvet-v-tulcu-125-g\/","og_locale":"en_US","og_type":"article","og_title":"Solni cvet v tulcu 250 g - THE Slovenia","og_description":"Izrazitega okusa in vonja.","og_url":"https:\/\/the-slovenia.com\/en\/product\/solni-cvet-v-tulcu-125-g\/","og_site_name":"THE Slovenia","article_publisher":"https:\/\/www.facebook.com\/THESLOVENIA\/?ref=br_rs","article_modified_time":"2025-02-19T08:11:55+00:00","og_image":[{"width":270,"height":368,"url":"https:\/\/the-slovenia.com\/wp-content\/uploads\/2023\/08\/solni-cvet-v-tulcu-250-g.webp","type":"image\/jpeg"}],"twitter_card":"summary_large_image","schema":{"@context":"https:\/\/schema.org","@graph":[{"@type":"WebPage","@id":"https:\/\/the-slovenia.com\/en\/product\/solni-cvet-v-tulcu-125-g\/","url":"https:\/\/the-slovenia.com\/en\/product\/solni-cvet-v-tulcu-125-g\/","name":"Solni cvet v tulcu 250 g - THE Slovenia","isPartOf":{"@id":"https:\/\/the-slovenia.com\/#website"},"primaryImageOfPage":{"@id":"https:\/\/the-slovenia.com\/en\/product\/solni-cvet-v-tulcu-125-g\/#primaryimage"},"image":{"@id":"https:\/\/the-slovenia.com\/en\/product\/solni-cvet-v-tulcu-125-g\/#primaryimage"},"thumbnailUrl":"https:\/\/the-slovenia.com\/wp-content\/uploads\/2023\/08\/solni-cvet-v-tulcu-250-g.webp","datePublished":"2023-04-10T22:00:00+00:00","dateModified":"2025-02-19T08:11:55+00:00","breadcrumb":{"@id":"https:\/\/the-slovenia.com\/en\/product\/solni-cvet-v-tulcu-125-g\/#breadcrumb"},"inLanguage":"en-US","potentialAction":[{"@type":"ReadAction","target":["https:\/\/the-slovenia.com\/en\/product\/solni-cvet-v-tulcu-125-g\/"]}]},{"@type":"ImageObject","inLanguage":"en-US","@id":"https:\/\/the-slovenia.com\/en\/product\/solni-cvet-v-tulcu-125-g\/#primaryimage","url":"https:\/\/the-slovenia.com\/wp-content\/uploads\/2023\/08\/solni-cvet-v-tulcu-250-g.webp","contentUrl":"https:\/\/the-slovenia.com\/wp-content\/uploads\/2023\/08\/solni-cvet-v-tulcu-250-g.webp","width":270,"height":368,"caption":"Solni cvet - Salt Flower 125 g"},{"@type":"BreadcrumbList","@id":"https:\/\/the-slovenia.com\/en\/product\/solni-cvet-v-tulcu-125-g\/#breadcrumb","itemListElement":[{"@type":"ListItem","position":1,"name":"Shop","item":"https:\/\/the-slovenia.com\/en\/shop\/"},{"@type":"ListItem","position":2,"name":"Solni cvet v tulcu 250 g"}]},{"@type":"WebSite","@id":"https:\/\/the-slovenia.com\/#website","url":"https:\/\/the-slovenia.com\/","name":"THE Slovenia","description":"","publisher":{"@id":"https:\/\/the-slovenia.com\/#organization"},"potentialAction":[{"@type":"SearchAction","target":{"@type":"EntryPoint","urlTemplate":"https:\/\/the-slovenia.com\/?s={search_term_string}"},"query-input":{"@type":"PropertyValueSpecification","valueRequired":true,"valueName":"search_term_string"}}],"inLanguage":"en-US"},{"@type":"Organization","@id":"https:\/\/the-slovenia.com\/#organization","name":"THE Slovenia","url":"https:\/\/the-slovenia.com\/","logo":{"@type":"ImageObject","inLanguage":"en-US","@id":"https:\/\/the-slovenia.com\/#\/schema\/logo\/image\/","url":"https:\/\/the-slovenia.com\/wp-content\/uploads\/2020\/02\/THE_logo_final_beli_napis.jpg","contentUrl":"https:\/\/the-slovenia.com\/wp-content\/uploads\/2020\/02\/THE_logo_final_beli_napis.jpg","width":1535,"height":1574,"caption":"THE Slovenia"},"image":{"@id":"https:\/\/the-slovenia.com\/#\/schema\/logo\/image\/"},"sameAs":["https:\/\/www.facebook.com\/THESLOVENIA\/?ref=br_rs","https:\/\/www.instagram.com\/the.slovenia\/","https:\/\/www.linkedin.com\/company\/the-slovenia\/"]}]}},"_links":{"self":[{"href":"https:\/\/the-slovenia.com\/en\/wp-json\/wp\/v2\/product\/137167","targetHints":{"allow":["GET"]}}],"collection":[{"href":"https:\/\/the-slovenia.com\/en\/wp-json\/wp\/v2\/product"}],"about":[{"href":"https:\/\/the-slovenia.com\/en\/wp-json\/wp\/v2\/types\/product"}],"replies":[{"embeddable":true,"href":"https:\/\/the-slovenia.com\/en\/wp-json\/wp\/v2\/comments?post=137167"}],"wp:featuredmedia":[{"embeddable":true,"href":"https:\/\/the-slovenia.com\/en\/wp-json\/wp\/v2\/media\/136710"}],"wp:attachment":[{"href":"https:\/\/the-slovenia.com\/en\/wp-json\/wp\/v2\/media?parent=137167"}],"wp:term":[{"taxonomy":"product_brand","embeddable":true,"href":"https:\/\/the-slovenia.com\/en\/wp-json\/wp\/v2\/product_brand?post=137167"},{"taxonomy":"product_cat","embeddable":true,"href":"https:\/\/the-slovenia.com\/en\/wp-json\/wp\/v2\/product_cat?post=137167"},{"taxonomy":"product_tag","embeddable":true,"href":"https:\/\/the-slovenia.com\/en\/wp-json\/wp\/v2\/product_tag?post=137167"}],"curies":[{"name":"wp","href":"https:\/\/api.w.org\/{rel}","templated":true}]}}