{"id":32985,"date":"2020-03-27T11:46:42","date_gmt":"2020-03-27T09:46:42","guid":{"rendered":"https:\/\/the-slovenia.com\/?page_id=32985"},"modified":"2021-05-14T09:41:18","modified_gmt":"2021-05-14T07:41:18","slug":"webinar","status":"publish","type":"page","link":"https:\/\/the-slovenia.com\/en\/webinar\/","title":{"rendered":"The Webinar"},"content":{"rendered":"<figure class=\"wp-block-image size-large is-style-default\"><a href=\"https:\/\/the-slovenia.com\/wp-content\/uploads\/2021\/05\/WEBINAR-FB-COVER-DOGODEK-7.png\"><img loading=\"lazy\" decoding=\"async\" width=\"1024\" height=\"576\" data-src=\"https:\/\/the-slovenia.com\/wp-content\/uploads\/2021\/05\/WEBINAR-FB-COVER-DOGODEK-7-1024x576.png\" alt=\"\" class=\"wp-image-43648 lazyload\" data-srcset=\"https:\/\/the-slovenia.com\/wp-content\/uploads\/2021\/05\/WEBINAR-FB-COVER-DOGODEK-7-1024x576.png 1024w, https:\/\/the-slovenia.com\/wp-content\/uploads\/2021\/05\/WEBINAR-FB-COVER-DOGODEK-7-300x169.png 300w, https:\/\/the-slovenia.com\/wp-content\/uploads\/2021\/05\/WEBINAR-FB-COVER-DOGODEK-7-768x432.png 768w, https:\/\/the-slovenia.com\/wp-content\/uploads\/2021\/05\/WEBINAR-FB-COVER-DOGODEK-7-1536x864.png 1536w, https:\/\/the-slovenia.com\/wp-content\/uploads\/2021\/05\/WEBINAR-FB-COVER-DOGODEK-7-150x84.png 150w, https:\/\/the-slovenia.com\/wp-content\/uploads\/2021\/05\/WEBINAR-FB-COVER-DOGODEK-7-696x392.png 696w, https:\/\/the-slovenia.com\/wp-content\/uploads\/2021\/05\/WEBINAR-FB-COVER-DOGODEK-7-1068x601.png 1068w, https:\/\/the-slovenia.com\/wp-content\/uploads\/2021\/05\/WEBINAR-FB-COVER-DOGODEK-7-747x420.png 747w, https:\/\/the-slovenia.com\/wp-content\/uploads\/2021\/05\/WEBINAR-FB-COVER-DOGODEK-7-600x338.png 600w, https:\/\/the-slovenia.com\/wp-content\/uploads\/2021\/05\/WEBINAR-FB-COVER-DOGODEK-7.png 1920w\" data-sizes=\"auto, (max-width: 1024px) 100vw, 1024px\" src=\"data:image\/gif;base64,R0lGODlhAQABAAAAACH5BAEKAAEALAAAAAABAAEAAAICTAEAOw==\" style=\"--smush-placeholder-width: 1024px; --smush-placeholder-aspect-ratio: 1024\/576;\" \/><noscript><img loading=\"lazy\" decoding=\"async\" width=\"1024\" height=\"576\" src=\"https:\/\/the-slovenia.com\/wp-content\/uploads\/2021\/05\/WEBINAR-FB-COVER-DOGODEK-7-1024x576.png\" alt=\"\" class=\"wp-image-43648\" srcset=\"https:\/\/the-slovenia.com\/wp-content\/uploads\/2021\/05\/WEBINAR-FB-COVER-DOGODEK-7-1024x576.png 1024w, https:\/\/the-slovenia.com\/wp-content\/uploads\/2021\/05\/WEBINAR-FB-COVER-DOGODEK-7-300x169.png 300w, https:\/\/the-slovenia.com\/wp-content\/uploads\/2021\/05\/WEBINAR-FB-COVER-DOGODEK-7-768x432.png 768w, https:\/\/the-slovenia.com\/wp-content\/uploads\/2021\/05\/WEBINAR-FB-COVER-DOGODEK-7-1536x864.png 1536w, https:\/\/the-slovenia.com\/wp-content\/uploads\/2021\/05\/WEBINAR-FB-COVER-DOGODEK-7-150x84.png 150w, https:\/\/the-slovenia.com\/wp-content\/uploads\/2021\/05\/WEBINAR-FB-COVER-DOGODEK-7-696x392.png 696w, https:\/\/the-slovenia.com\/wp-content\/uploads\/2021\/05\/WEBINAR-FB-COVER-DOGODEK-7-1068x601.png 1068w, https:\/\/the-slovenia.com\/wp-content\/uploads\/2021\/05\/WEBINAR-FB-COVER-DOGODEK-7-747x420.png 747w, https:\/\/the-slovenia.com\/wp-content\/uploads\/2021\/05\/WEBINAR-FB-COVER-DOGODEK-7-600x338.png 600w, https:\/\/the-slovenia.com\/wp-content\/uploads\/2021\/05\/WEBINAR-FB-COVER-DOGODEK-7.png 1920w\" sizes=\"auto, (max-width: 1024px) 100vw, 1024px\" \/><\/noscript><\/a><\/figure><h1><span style=\"font-size: 24pt;\"><strong>THE SLOVENIA WONDERS &#8211; \u010cUDESA SLOVENIJE WEBINAR\u00a0<\/strong><\/span><\/h1>\n<h1>\u00a0<\/h1>\n<h2><strong>Vabimo vas na webinar, kjer bomo predstavljali \u010dudesa Slovenije<\/strong><\/h2>\n<h3>Kljub sedanjemu stanju v dr\u017eavi se (\u0161e) ne damo, turizem je \u2013 vsaj na internetu \u2013 \u0161e kako \u017eiv in ljudje si bolj kot kadarkoli \u017eelijo planirati nova do\u017eivetja \u2013 prav za vse \u010dute!<\/h3>\n<p><span style=\"font-weight: 400;\">Pridru\u017eite se nam na brezpla\u010dni predstavitvi kako lahko turist danes ali v v bli\u017enji prihodnosti do\u017eivi posamezno slovensko destinacijo. Destinacije bodo predstavljene skozi vsa \u010dutila, ki jih razvijamo tudi na daljavo: da vidijo, se dotaknejo, vohajo, sli\u0161ijo, \u010dutijo, pa tudi celovito izkusijo (\u0161esti \u010dut). Vabimo vas na serijo \u0161tirih webinarjev, kjer bomo predstavljali \u010dudesa Slovenije po posameznih regijah, in sicer: Alpska, Termalno Panonska, Ljubljana in Osrednja ter Mediteransko-kra\u0161ka Slovenija.<\/span> Projekt delno financira EU, in sicer iz Evropskega sklada za regionalni razvoj. Operacija se izvaja v okviru Operativnega programa za izvajanje evropske kohezijske politike v obdobju 2014-2020. Nalo\u017ebo sofinancirata Republika Slovenija in Evropska unija iz Evropskega sklada za regionalni razvoj. Spletna stran EKP v Sloveniji je dostopna<strong><a href=\"http:\/\/www.eu-skladi.si\/\">\u00a0tukaj.<\/a><\/strong><\/p>\n<p>Na zadnjem webinarju bomo predstavljali regijo Termalna Panonsko Slovenijo, kjer bodo predstavniki Zavoda za turizem \u0160ale\u0161ke doline, Center za podjetni\u0161tvo in turizem Kr\u0161ko, Razvojnega centra Novo Mesto, Turizem Pod\u010detrtek\u00a0 in Zavoda Celeia Celje predstavljali kako lahko do\u017eivimo njihovo destinacijo.<\/p>\n<p>\u00a0<\/p>\n<p><a href=\"https:\/\/the-slovenia.com\/sl\/slovenija\/cudesa\/slovenia-wonders-predstavitev-cudes-slovenskih-destinacij\/\"><strong>Ve\u010d informacij o sklopu webinarjev si lahko preberete tukaj.\u00a0<\/strong><\/a><\/p>\n<p><b>PRIJAVITE SE SPODAJ<\/b><\/p>\n<p>\u00a0<\/p><iframe loading=\"lazy\" id=\"surveylegend-survey\" data-src=\"https:\/\/www.surveylegend.com\/survey\/#\/d29yZHByZXNzODcwNzI=~-M_ZUkI7gYUkARsV7x38\" width=\"100%\" height=\"1000px\" style=\"frameborder: 0; border: 0; margin: 0 auto;\" src=\"data:image\/gif;base64,R0lGODlhAQABAAAAACH5BAEKAAEALAAAAAABAAEAAAICTAEAOw==\" class=\"lazyload\" data-load-mode=\"1\">\n<\/iframe><!-- CONTENT END 1 -->\n","protected":false},"excerpt":{"rendered":"<p>THE SLOVENIA WONDERS &#8211; \u010cUDESA SLOVENIJE WEBINAR\u00a0 \u00a0 Vabimo vas na webinar, kjer bomo predstavljali \u010dudesa Slovenije Kljub sedanjemu stanju v dr\u017eavi se (\u0161e) ne damo, turizem je \u2013 vsaj na internetu \u2013 \u0161e kako \u017eiv in ljudje si bolj kot kadarkoli \u017eelijo planirati nova do\u017eivetja \u2013 prav za vse \u010dute! Pridru\u017eite se nam na [&hellip;]<\/p>\n","protected":false},"author":12,"featured_media":0,"parent":0,"menu_order":0,"comment_status":"closed","ping_status":"closed","template":"","meta":{"_acf_changed":false,"footnotes":""},"class_list":["post-32985","page","type-page","status-publish"],"acf":[],"yoast_head":"<!-- This site is optimized with the Yoast SEO plugin v24.3 - https:\/\/yoast.com\/wordpress\/plugins\/seo\/ -->\n<title>The Webinar - THE Slovenia<\/title>\n<meta name=\"robots\" content=\"index, follow, max-snippet:-1, max-image-preview:large, max-video-preview:-1\" \/>\n<link rel=\"canonical\" href=\"https:\/\/the-slovenia.com\/webinar\/\" \/>\n<meta property=\"og:locale\" content=\"en_US\" \/>\n<meta property=\"og:type\" content=\"article\" \/>\n<meta property=\"og:title\" content=\"The Webinar - THE Slovenia\" \/>\n<meta property=\"og:description\" content=\"THE SLOVENIA WONDERS &#8211; \u010cUDESA SLOVENIJE WEBINAR\u00a0 \u00a0 Vabimo vas na webinar, kjer bomo predstavljali \u010dudesa Slovenije Kljub sedanjemu stanju v dr\u017eavi se (\u0161e) ne damo, turizem je \u2013 vsaj na internetu \u2013 \u0161e kako \u017eiv in ljudje si bolj kot kadarkoli \u017eelijo planirati nova do\u017eivetja \u2013 prav za vse \u010dute! Pridru\u017eite se nam na [&hellip;]\" \/>\n<meta property=\"og:url\" content=\"https:\/\/the-slovenia.com\/webinar\/\" \/>\n<meta property=\"og:site_name\" content=\"THE Slovenia\" \/>\n<meta property=\"article:publisher\" content=\"https:\/\/www.facebook.com\/THESLOVENIA\/?ref=br_rs\" \/>\n<meta property=\"article:modified_time\" content=\"2021-05-14T07:41:18+00:00\" \/>\n<meta property=\"og:image\" content=\"https:\/\/the-slovenia.com\/wp-content\/uploads\/2021\/05\/WEBINAR-FB-COVER-DOGODEK-7-1024x576.png\" \/>\n<meta name=\"twitter:card\" content=\"summary_large_image\" \/>\n<meta name=\"twitter:label1\" content=\"Est. reading time\" \/>\n\t<meta name=\"twitter:data1\" content=\"1 minute\" \/>\n<script type=\"application\/ld+json\" class=\"yoast-schema-graph\">{\"@context\":\"https:\/\/schema.org\",\"@graph\":[{\"@type\":\"WebPage\",\"@id\":\"https:\/\/the-slovenia.com\/webinar\/\",\"url\":\"https:\/\/the-slovenia.com\/webinar\/\",\"name\":\"The Webinar - THE Slovenia\",\"isPartOf\":{\"@id\":\"https:\/\/the-slovenia.com\/#website\"},\"primaryImageOfPage\":{\"@id\":\"https:\/\/the-slovenia.com\/webinar\/#primaryimage\"},\"image\":{\"@id\":\"https:\/\/the-slovenia.com\/webinar\/#primaryimage\"},\"thumbnailUrl\":\"https:\/\/the-slovenia.com\/wp-content\/uploads\/2021\/05\/WEBINAR-FB-COVER-DOGODEK-7-1024x576.png\",\"datePublished\":\"2020-03-27T09:46:42+00:00\",\"dateModified\":\"2021-05-14T07:41:18+00:00\",\"inLanguage\":\"en-US\",\"potentialAction\":[{\"@type\":\"ReadAction\",\"target\":[\"https:\/\/the-slovenia.com\/webinar\/\"]}]},{\"@type\":\"ImageObject\",\"inLanguage\":\"en-US\",\"@id\":\"https:\/\/the-slovenia.com\/webinar\/#primaryimage\",\"url\":\"https:\/\/the-slovenia.com\/wp-content\/uploads\/2021\/05\/WEBINAR-FB-COVER-DOGODEK-7-1024x576.png\",\"contentUrl\":\"https:\/\/the-slovenia.com\/wp-content\/uploads\/2021\/05\/WEBINAR-FB-COVER-DOGODEK-7-1024x576.png\"},{\"@type\":\"WebSite\",\"@id\":\"https:\/\/the-slovenia.com\/#website\",\"url\":\"https:\/\/the-slovenia.com\/\",\"name\":\"THE Slovenia\",\"description\":\"\",\"publisher\":{\"@id\":\"https:\/\/the-slovenia.com\/#organization\"},\"potentialAction\":[{\"@type\":\"SearchAction\",\"target\":{\"@type\":\"EntryPoint\",\"urlTemplate\":\"https:\/\/the-slovenia.com\/?s={search_term_string}\"},\"query-input\":{\"@type\":\"PropertyValueSpecification\",\"valueRequired\":true,\"valueName\":\"search_term_string\"}}],\"inLanguage\":\"en-US\"},{\"@type\":\"Organization\",\"@id\":\"https:\/\/the-slovenia.com\/#organization\",\"name\":\"THE Slovenia\",\"url\":\"https:\/\/the-slovenia.com\/\",\"logo\":{\"@type\":\"ImageObject\",\"inLanguage\":\"en-US\",\"@id\":\"https:\/\/the-slovenia.com\/#\/schema\/logo\/image\/\",\"url\":\"https:\/\/the-slovenia.com\/wp-content\/uploads\/2020\/02\/THE_logo_final_beli_napis.jpg\",\"contentUrl\":\"https:\/\/the-slovenia.com\/wp-content\/uploads\/2020\/02\/THE_logo_final_beli_napis.jpg\",\"width\":1535,\"height\":1574,\"caption\":\"THE Slovenia\"},\"image\":{\"@id\":\"https:\/\/the-slovenia.com\/#\/schema\/logo\/image\/\"},\"sameAs\":[\"https:\/\/www.facebook.com\/THESLOVENIA\/?ref=br_rs\",\"https:\/\/www.instagram.com\/the.slovenia\/\",\"https:\/\/www.linkedin.com\/company\/the-slovenia\/\"]}]}<\/script>\n<!-- \/ Yoast SEO plugin. -->","yoast_head_json":{"title":"The Webinar - THE Slovenia","robots":{"index":"index","follow":"follow","max-snippet":"max-snippet:-1","max-image-preview":"max-image-preview:large","max-video-preview":"max-video-preview:-1"},"canonical":"https:\/\/the-slovenia.com\/webinar\/","og_locale":"en_US","og_type":"article","og_title":"The Webinar - THE Slovenia","og_description":"THE SLOVENIA WONDERS &#8211; \u010cUDESA SLOVENIJE WEBINAR\u00a0 \u00a0 Vabimo vas na webinar, kjer bomo predstavljali \u010dudesa Slovenije Kljub sedanjemu stanju v dr\u017eavi se (\u0161e) ne damo, turizem je \u2013 vsaj na internetu \u2013 \u0161e kako \u017eiv in ljudje si bolj kot kadarkoli \u017eelijo planirati nova do\u017eivetja \u2013 prav za vse \u010dute! Pridru\u017eite se nam na [&hellip;]","og_url":"https:\/\/the-slovenia.com\/webinar\/","og_site_name":"THE Slovenia","article_publisher":"https:\/\/www.facebook.com\/THESLOVENIA\/?ref=br_rs","article_modified_time":"2021-05-14T07:41:18+00:00","og_image":[{"url":"https:\/\/the-slovenia.com\/wp-content\/uploads\/2021\/05\/WEBINAR-FB-COVER-DOGODEK-7-1024x576.png","type":"","width":"","height":""}],"twitter_card":"summary_large_image","twitter_misc":{"Est. reading time":"1 minute"},"schema":{"@context":"https:\/\/schema.org","@graph":[{"@type":"WebPage","@id":"https:\/\/the-slovenia.com\/webinar\/","url":"https:\/\/the-slovenia.com\/webinar\/","name":"The Webinar - THE Slovenia","isPartOf":{"@id":"https:\/\/the-slovenia.com\/#website"},"primaryImageOfPage":{"@id":"https:\/\/the-slovenia.com\/webinar\/#primaryimage"},"image":{"@id":"https:\/\/the-slovenia.com\/webinar\/#primaryimage"},"thumbnailUrl":"https:\/\/the-slovenia.com\/wp-content\/uploads\/2021\/05\/WEBINAR-FB-COVER-DOGODEK-7-1024x576.png","datePublished":"2020-03-27T09:46:42+00:00","dateModified":"2021-05-14T07:41:18+00:00","inLanguage":"en-US","potentialAction":[{"@type":"ReadAction","target":["https:\/\/the-slovenia.com\/webinar\/"]}]},{"@type":"ImageObject","inLanguage":"en-US","@id":"https:\/\/the-slovenia.com\/webinar\/#primaryimage","url":"https:\/\/the-slovenia.com\/wp-content\/uploads\/2021\/05\/WEBINAR-FB-COVER-DOGODEK-7-1024x576.png","contentUrl":"https:\/\/the-slovenia.com\/wp-content\/uploads\/2021\/05\/WEBINAR-FB-COVER-DOGODEK-7-1024x576.png"},{"@type":"WebSite","@id":"https:\/\/the-slovenia.com\/#website","url":"https:\/\/the-slovenia.com\/","name":"THE Slovenia","description":"","publisher":{"@id":"https:\/\/the-slovenia.com\/#organization"},"potentialAction":[{"@type":"SearchAction","target":{"@type":"EntryPoint","urlTemplate":"https:\/\/the-slovenia.com\/?s={search_term_string}"},"query-input":{"@type":"PropertyValueSpecification","valueRequired":true,"valueName":"search_term_string"}}],"inLanguage":"en-US"},{"@type":"Organization","@id":"https:\/\/the-slovenia.com\/#organization","name":"THE Slovenia","url":"https:\/\/the-slovenia.com\/","logo":{"@type":"ImageObject","inLanguage":"en-US","@id":"https:\/\/the-slovenia.com\/#\/schema\/logo\/image\/","url":"https:\/\/the-slovenia.com\/wp-content\/uploads\/2020\/02\/THE_logo_final_beli_napis.jpg","contentUrl":"https:\/\/the-slovenia.com\/wp-content\/uploads\/2020\/02\/THE_logo_final_beli_napis.jpg","width":1535,"height":1574,"caption":"THE Slovenia"},"image":{"@id":"https:\/\/the-slovenia.com\/#\/schema\/logo\/image\/"},"sameAs":["https:\/\/www.facebook.com\/THESLOVENIA\/?ref=br_rs","https:\/\/www.instagram.com\/the.slovenia\/","https:\/\/www.linkedin.com\/company\/the-slovenia\/"]}]}},"_links":{"self":[{"href":"https:\/\/the-slovenia.com\/en\/wp-json\/wp\/v2\/pages\/32985","targetHints":{"allow":["GET"]}}],"collection":[{"href":"https:\/\/the-slovenia.com\/en\/wp-json\/wp\/v2\/pages"}],"about":[{"href":"https:\/\/the-slovenia.com\/en\/wp-json\/wp\/v2\/types\/page"}],"author":[{"embeddable":true,"href":"https:\/\/the-slovenia.com\/en\/wp-json\/wp\/v2\/users\/12"}],"replies":[{"embeddable":true,"href":"https:\/\/the-slovenia.com\/en\/wp-json\/wp\/v2\/comments?post=32985"}],"version-history":[{"count":0,"href":"https:\/\/the-slovenia.com\/en\/wp-json\/wp\/v2\/pages\/32985\/revisions"}],"wp:attachment":[{"href":"https:\/\/the-slovenia.com\/en\/wp-json\/wp\/v2\/media?parent=32985"}],"curies":[{"name":"wp","href":"https:\/\/api.w.org\/{rel}","templated":true}]}}